{"id":1684,"date":"2024-07-09T18:43:06","date_gmt":"2024-07-09T18:43:06","guid":{"rendered":"https:\/\/ascierj.com.br\/site\/?page_id=1684"},"modified":"2024-07-12T18:46:13","modified_gmt":"2024-07-12T18:46:13","slug":"decretos","status":"publish","type":"page","link":"https:\/\/ascierj.com.br\/site\/decretos\/","title":{"rendered":"Decretos"},"content":{"rendered":"<div id=\"fb-root\"><\/div>\n<ul>\n<li><span style=\"color: #1a2451;\"><a style=\"color: #1a2451;\" href=\"https:\/\/ascierj.com.br\/site\/wp-content\/uploads\/2024\/07\/DECRETO-No-46873-2019-DISPOE-SOBRE-O-SISTEMA-DE-CONTROLE-INTERNO.pdf\" target=\"_blank\" rel=\"noopener\">Decreto N\u00ba. 46.873, de 13 de Dezembro de 2019 &#8211; Disp\u00f5e sobre o Sistema de Controle Interno do Poder Executivo Estadual e d\u00e1 outras provid\u00eancias.<\/a><\/span><\/li>\n<\/ul>\n","protected":false},"excerpt":{"rendered":"<p>Decreto N\u00ba. 46.873, de 13 de Dezembro de 2019 &#8211; Disp\u00f5e sobre o Sistema de Controle Interno do Poder Executivo [&hellip;]<\/p>\n","protected":false},"author":1,"featured_media":0,"parent":0,"menu_order":0,"comment_status":"closed","ping_status":"closed","template":"","meta":{"footnotes":""},"class_list":["post-1684","page","type-page","status-publish","hentry"],"wps_subtitle":"","_links":{"self":[{"href":"https:\/\/ascierj.com.br\/site\/wp-json\/wp\/v2\/pages\/1684","targetHints":{"allow":["GET"]}}],"collection":[{"href":"https:\/\/ascierj.com.br\/site\/wp-json\/wp\/v2\/pages"}],"about":[{"href":"https:\/\/ascierj.com.br\/site\/wp-json\/wp\/v2\/types\/page"}],"author":[{"embeddable":true,"href":"https:\/\/ascierj.com.br\/site\/wp-json\/wp\/v2\/users\/1"}],"replies":[{"embeddable":true,"href":"https:\/\/ascierj.com.br\/site\/wp-json\/wp\/v2\/comments?post=1684"}],"version-history":[{"count":2,"href":"https:\/\/ascierj.com.br\/site\/wp-json\/wp\/v2\/pages\/1684\/revisions"}],"predecessor-version":[{"id":1717,"href":"https:\/\/ascierj.com.br\/site\/wp-json\/wp\/v2\/pages\/1684\/revisions\/1717"}],"wp:attachment":[{"href":"https:\/\/ascierj.com.br\/site\/wp-json\/wp\/v2\/media?parent=1684"}],"curies":[{"name":"wp","href":"https:\/\/api.w.org\/{rel}","templated":true}]}}