{"id":1664,"date":"2024-07-09T18:19:27","date_gmt":"2024-07-09T18:19:27","guid":{"rendered":"https:\/\/ascierj.com.br\/site\/?page_id=1664"},"modified":"2026-01-21T14:35:34","modified_gmt":"2026-01-21T14:35:34","slug":"eleicoes","status":"publish","type":"page","link":"https:\/\/ascierj.com.br\/site\/transparencia\/eleicoes\/","title":{"rendered":"Elei\u00e7\u00f5es"},"content":{"rendered":"<div id=\"fb-root\"><\/div>\n<p>Prezados Associados,<\/p>\n<p>Em cumprimento ao Estatuto, ao Regulamento Eleitoral e ao Edital de Convoca\u00e7\u00e3o da Elei\u00e7\u00e3o, divulgo abaixo o cronograma eleitoral e a Chapa legalmente inscrita para a elei\u00e7\u00e3o referente ao bi\u00eanio 2026\/2027.<\/p>\n<p>Atenciosamente,<br \/><br \/><strong>Magno Tarc\u00edsio de S\u00e1<\/strong> <br \/>Presidente da ASCIERJ<\/p>\n<p>\u00a0<\/p>\n<h4>Cronograma Eleitoral<br \/><br \/><\/h4>\n<table width=\"719\">\n<tbody>\n<tr>\n<td width=\"262\"><strong>Atividade<\/strong><\/td>\n<td width=\"212\"><strong>Respons\u00e1vel<\/strong><\/td>\n<td width=\"245\"><strong>Datas<\/strong><\/td>\n<\/tr>\n<tr>\n<td width=\"262\">Edital de convoca\u00e7\u00e3o das elei\u00e7\u00f5es<\/td>\n<td width=\"212\">Presidente<\/td>\n<td width=\"245\">at\u00e9 o dia 29 de dezembro de 2025<\/td>\n<\/tr>\n<tr>\n<td width=\"262\">Registro das Chapas\u00a0<\/td>\n<td width=\"212\">Presidente<\/td>\n<td width=\"245\">at\u00e9 o dia 16 de janeiro de 2026<\/td>\n<\/tr>\n<tr>\n<td width=\"262\">Divulga\u00e7\u00e3o das Chapas<\/td>\n<td width=\"212\">Presidente<\/td>\n<td width=\"245\">19\/01\/26<\/td>\n<\/tr>\n<tr>\n<td width=\"262\">nova convoca\u00e7\u00e3o de elei\u00e7\u00f5es (caso n\u00e3o haja nenhuma chapa registrada)<\/td>\n<td width=\"212\">Presidente<\/td>\n<td width=\"245\">19\/01\/26<\/td>\n<\/tr>\n<tr>\n<td width=\"262\">convoca\u00e7\u00e3o de nova Assembleia<\/td>\n<td width=\"212\">Presidente<\/td>\n<td width=\"245\">21\/01\/26<\/td>\n<\/tr>\n<tr>\n<td width=\"262\">Pedido de Impugna\u00e7\u00e3o de candidaturas<\/td>\n<td width=\"212\">Qualquer associado<\/td>\n<td width=\"245\">at\u00e9 22\/01\/2026<\/td>\n<\/tr>\n<tr>\n<td width=\"262\">Decis\u00e3o sobre impugna\u00e7\u00e3o<\/td>\n<td width=\"212\">Conselho Deliberativo<\/td>\n<td width=\"245\">23\/01\/26<\/td>\n<\/tr>\n<tr>\n<td width=\"262\">Apresenta\u00e7\u00e3o de defesa<\/td>\n<td width=\"212\">Candidato impugnado<\/td>\n<td width=\"245\">at\u00e9 28\/01\/2026<\/td>\n<\/tr>\n<tr>\n<td width=\"262\">Decis\u00e3o final sobre impugna\u00e7\u00e3o<\/td>\n<td width=\"212\">Conselho Deliberativo<\/td>\n<td width=\"245\">at\u00e9 02\/02\/2026<\/td>\n<\/tr>\n<tr>\n<td width=\"262\">Divulga\u00e7\u00e3o da rela\u00e7\u00e3o nominal dos s\u00f3cios que podem votar<\/td>\n<td width=\"212\">Secretaria Executiva ASCIERJ<\/td>\n<td width=\"245\">at\u00e9 26\/01\/2026<\/td>\n<\/tr>\n<tr>\n<td width=\"262\">Elei\u00e7\u00e3o<\/td>\n<td width=\"212\">Comiss\u00e3o Eleitoral<\/td>\n<td width=\"245\">10\/02\/26<\/td>\n<\/tr>\n<tr>\n<td width=\"262\">Apura\u00e7\u00e3o\u00a0<\/td>\n<td width=\"212\">Presidente Bacharel em direito<\/td>\n<td width=\"245\">10\/02\/26<\/td>\n<\/tr>\n<tr>\n<td width=\"262\">Posse<\/td>\n<td width=\"212\">Presidente<\/td>\n<td width=\"245\">23\/02\/26<\/td>\n<\/tr>\n<tr>\n<td width=\"262\">Nova Elei\u00e7\u00e3o (caso de empate, etc)<\/td>\n<td width=\"212\">Presidente<\/td>\n<td width=\"245\">25\/02\/26<\/td>\n<\/tr>\n<\/tbody>\n<\/table>\n<p>\u00a0<\/p>\n\n\n<h4 class=\"wp-block-heading\">Chapa legalmente inscrita<\/h4>\n\n\n\n<p><\/p>\n\n\n\n<p><a href=\"https:\/\/ascierj.com.br\/site\/wp-content\/uploads\/2026\/01\/eleicoes2026_RequerimentoACandidaturaPara_Assinatu_260119_170410_assinado.pdf\" target=\"_blank\" rel=\"noreferrer noopener\"><strong>Clique aqui<\/strong><\/a> e leia <a href=\"https:\/\/ascierj.com.br\/site\/wp-content\/uploads\/2026\/01\/eleicoes2026_RequerimentoACandidaturaPara_Assinatu_260119_170410_assinado.pdf\" target=\"_blank\" rel=\"noreferrer noopener\"><strong>Requerimento a candidatura<\/strong><\/a>.<\/p>\n","protected":false},"excerpt":{"rendered":"<p>Prezados Associados, Em cumprimento ao Estatuto, ao Regulamento Eleitoral e ao Edital de Convoca\u00e7\u00e3o da Elei\u00e7\u00e3o, divulgo abaixo o cronograma [&hellip;]<\/p>\n","protected":false},"author":1,"featured_media":0,"parent":1646,"menu_order":0,"comment_status":"closed","ping_status":"closed","template":"","meta":{"footnotes":""},"class_list":["post-1664","page","type-page","status-publish","hentry"],"wps_subtitle":"","_links":{"self":[{"href":"https:\/\/ascierj.com.br\/site\/wp-json\/wp\/v2\/pages\/1664","targetHints":{"allow":["GET"]}}],"collection":[{"href":"https:\/\/ascierj.com.br\/site\/wp-json\/wp\/v2\/pages"}],"about":[{"href":"https:\/\/ascierj.com.br\/site\/wp-json\/wp\/v2\/types\/page"}],"author":[{"embeddable":true,"href":"https:\/\/ascierj.com.br\/site\/wp-json\/wp\/v2\/users\/1"}],"replies":[{"embeddable":true,"href":"https:\/\/ascierj.com.br\/site\/wp-json\/wp\/v2\/comments?post=1664"}],"version-history":[{"count":13,"href":"https:\/\/ascierj.com.br\/site\/wp-json\/wp\/v2\/pages\/1664\/revisions"}],"predecessor-version":[{"id":1856,"href":"https:\/\/ascierj.com.br\/site\/wp-json\/wp\/v2\/pages\/1664\/revisions\/1856"}],"up":[{"embeddable":true,"href":"https:\/\/ascierj.com.br\/site\/wp-json\/wp\/v2\/pages\/1646"}],"wp:attachment":[{"href":"https:\/\/ascierj.com.br\/site\/wp-json\/wp\/v2\/media?parent=1664"}],"curies":[{"name":"wp","href":"https:\/\/api.w.org\/{rel}","templated":true}]}}